{"id":325,"date":"2019-05-02T21:34:25","date_gmt":"2019-05-02T19:34:25","guid":{"rendered":"http:\/\/www.bsc-piestingtal.at\/?page_id=325"},"modified":"2025-03-28T12:56:06","modified_gmt":"2025-03-28T11:56:06","slug":"parcoursregeln","status":"publish","type":"page","link":"https:\/\/www.bsc-piestingtal.at\/?page_id=325","title":{"rendered":"Parcours"},"content":{"rendered":"\t\t<div data-elementor-type=\"wp-page\" data-elementor-id=\"325\" class=\"elementor elementor-325\" data-elementor-post-type=\"page\">\n\t\t\t\t\t\t<section class=\"elementor-section elementor-top-section elementor-element elementor-element-8ff281e elementor-section-full_width elementor-section-height-default elementor-section-height-default\" data-id=\"8ff281e\" data-element_type=\"section\" data-e-type=\"section\">\n\t\t\t\t\t\t<div class=\"elementor-container elementor-column-gap-default\">\n\t\t\t\t\t<div class=\"elementor-column elementor-col-100 elementor-top-column elementor-element elementor-element-dacc8ab\" data-id=\"dacc8ab\" data-element_type=\"column\" data-e-type=\"column\">\n\t\t\t<div class=\"elementor-widget-wrap elementor-element-populated\">\n\t\t\t\t\t\t<div class=\"elementor-element elementor-element-abc053a elementor-skin-carousel elementor-arrows-yes elementor-pagination-type-bullets elementor-pagination-position-outside elementor-widget elementor-widget-media-carousel\" data-id=\"abc053a\" data-element_type=\"widget\" data-e-type=\"widget\" data-settings=\"{&quot;skin&quot;:&quot;carousel&quot;,&quot;effect&quot;:&quot;slide&quot;,&quot;show_arrows&quot;:&quot;yes&quot;,&quot;pagination&quot;:&quot;bullets&quot;,&quot;speed&quot;:500,&quot;autoplay&quot;:&quot;yes&quot;,&quot;autoplay_speed&quot;:5000,&quot;loop&quot;:&quot;yes&quot;,&quot;pause_on_hover&quot;:&quot;yes&quot;,&quot;pause_on_interaction&quot;:&quot;yes&quot;,&quot;space_between&quot;:{&quot;unit&quot;:&quot;px&quot;,&quot;size&quot;:10,&quot;sizes&quot;:[]},&quot;space_between_tablet&quot;:{&quot;unit&quot;:&quot;px&quot;,&quot;size&quot;:10,&quot;sizes&quot;:[]},&quot;space_between_mobile&quot;:{&quot;unit&quot;:&quot;px&quot;,&quot;size&quot;:10,&quot;sizes&quot;:[]}}\" data-widget_type=\"media-carousel.default\">\n\t\t\t\t<div class=\"elementor-widget-container\">\n\t\t\t\t\t\t\t\t\t<div class=\"elementor-swiper\">\n\t\t\t\t\t<div class=\"elementor-main-swiper swiper\" role=\"region\" aria-roledescription=\"carousel\" aria-label=\"Slider\">\n\t\t\t\t<div class=\"swiper-wrapper\">\n\t\t\t\t\t\t\t\t\t\t\t<div class=\"swiper-slide\" role=\"group\" aria-roledescription=\"slide\">\n\t\t\t\t\t\t\t\t\t<div class=\"elementor-carousel-image\" role=\"img\" aria-label=\"IMG_7391\" style=\"background-image: url(&#039;http:\/\/www.bsc-piestingtal.at\/wp-content\/uploads\/2019\/11\/IMG_7391.jpg&#039;)\">\n\n\t\t\t\n\t\t\t\t\t<\/div>\n\t\t\t\t\t\t\t\t<\/div>\n\t\t\t\t\t\t\t\t\t\t\t<div class=\"swiper-slide\" role=\"group\" aria-roledescription=\"slide\">\n\t\t\t\t\t\t\t\t\t<div class=\"elementor-carousel-image\" role=\"img\" aria-label=\"Fasan\" style=\"background-image: url(&#039;http:\/\/www.bsc-piestingtal.at\/wp-content\/uploads\/2020\/05\/Fasan-scaled.jpg&#039;)\">\n\n\t\t\t\n\t\t\t\t\t<\/div>\n\t\t\t\t\t\t\t\t<\/div>\n\t\t\t\t\t\t\t\t\t\t\t<div class=\"swiper-slide\" role=\"group\" aria-roledescription=\"slide\">\n\t\t\t\t\t\t\t\t\t<div class=\"elementor-carousel-image\" role=\"img\" aria-label=\"IMG_7396\" style=\"background-image: url(&#039;http:\/\/www.bsc-piestingtal.at\/wp-content\/uploads\/2019\/11\/IMG_7396.jpg&#039;)\">\n\n\t\t\t\n\t\t\t\t\t<\/div>\n\t\t\t\t\t\t\t\t<\/div>\n\t\t\t\t\t\t\t\t\t\t\t<div class=\"swiper-slide\" role=\"group\" aria-roledescription=\"slide\">\n\t\t\t\t\t\t\t\t\t<div class=\"elementor-carousel-image\" role=\"img\" aria-label=\"KUWN5035\" style=\"background-image: url(&#039;http:\/\/www.bsc-piestingtal.at\/wp-content\/uploads\/2020\/04\/KUWN5035.jpg&#039;)\">\n\n\t\t\t\n\t\t\t\t\t<\/div>\n\t\t\t\t\t\t\t\t<\/div>\n\t\t\t\t\t\t\t\t\t\t\t<div class=\"swiper-slide\" role=\"group\" aria-roledescription=\"slide\">\n\t\t\t\t\t\t\t\t\t<div class=\"elementor-carousel-image\" role=\"img\" aria-label=\"KOPU1849\" style=\"background-image: url(&#039;http:\/\/www.bsc-piestingtal.at\/wp-content\/uploads\/2020\/04\/KOPU1849.jpg&#039;)\">\n\n\t\t\t\n\t\t\t\t\t<\/div>\n\t\t\t\t\t\t\t\t<\/div>\n\t\t\t\t\t\t\t\t\t<\/div>\n\t\t\t\t\t\t\t\t\t\t\t\t\t\t\t<div class=\"elementor-swiper-button elementor-swiper-button-prev\" role=\"button\" tabindex=\"0\" aria-label=\"Voriger\">\n\t\t\t\t\t\t\t<i aria-hidden=\"true\" class=\"eicon-chevron-left\"><\/i>\t\t\t\t\t\t<\/div>\n\t\t\t\t\t\t<div class=\"elementor-swiper-button elementor-swiper-button-next\" role=\"button\" tabindex=\"0\" aria-label=\"N\u00e4chster\">\n\t\t\t\t\t\t\t<i aria-hidden=\"true\" class=\"eicon-chevron-right\"><\/i>\t\t\t\t\t\t<\/div>\n\t\t\t\t\t\t\t\t\t\t\t\t\t\t\t\t<div class=\"swiper-pagination\"><\/div>\n\t\t\t\t\t\t\t\t\t\t\t\t<\/div>\n\t\t\t\t<\/div>\n\t\t\t\t\t\t\t\t<\/div>\n\t\t\t\t<\/div>\n\t\t\t\t\t<\/div>\n\t\t<\/div>\n\t\t\t\t\t<\/div>\n\t\t<\/section>\n\t\t\t\t<section class=\"elementor-section elementor-top-section elementor-element elementor-element-608373f elementor-section-boxed elementor-section-height-default elementor-section-height-default\" data-id=\"608373f\" data-element_type=\"section\" data-e-type=\"section\">\n\t\t\t\t\t\t<div class=\"elementor-container elementor-column-gap-default\">\n\t\t\t\t\t<div class=\"elementor-column elementor-col-100 elementor-top-column elementor-element elementor-element-153d194\" data-id=\"153d194\" data-element_type=\"column\" data-e-type=\"column\">\n\t\t\t<div class=\"elementor-widget-wrap elementor-element-populated\">\n\t\t\t\t\t\t<div class=\"elementor-element elementor-element-b9f68ac elementor-widget elementor-widget-text-editor\" data-id=\"b9f68ac\" data-element_type=\"widget\" data-e-type=\"widget\" data-widget_type=\"text-editor.default\">\n\t\t\t\t<div class=\"elementor-widget-container\">\n\t\t\t\t\t\t\t\t\t<p>Herzlich Willkommen am Hauer Hill.<br \/>F\u00fcr alle Hillneulinge sind im Folgenden die wichtigsten Punkte zusammengefasst.<br \/><strong>Anmeldung:<\/strong><br \/>wie auf jedem anderen Parcours auch einfach in das Parcoursbuch eintragen und die Parcoursgeb\u00fchr ind einem Kuvert in die Kassa werfen (in unserem Fall stecken).<br \/><strong>Tagesakarte:<\/strong><br \/>gilt, wie der Name schon sagt, f\u00fcr den ganzen Tag und kostet \u20ac 12. Kinder und Jugendliche bis 16 Jahren beutzten den Parcours <strong>GRATIS.<br \/>Parcoursregeln \/ Hinweise:<br \/><\/strong>die Regeln sowie Hinweise zu den aktuellen Pfl\u00f6cken und Besonderheiten findet ihr immer in der Kassah\u00fctte angeschlagen. Am gesamten Gel\u00e4nde gilt ein <strong>ARMBRUSTVERBOT<\/strong><br \/><strong>Einschie\u00dfplatz:<br \/><\/strong>wenn ihr vom kleinen Kassah\u00fctterl dem Weg folgt, kommt ihr sofort auf den Sportplatz. Folgt der Laufbahn bis zur H\u00fctte des Turnvereins und dann dem Wegweiser in den Wald (bergauf). Die beiden D\u00e4mpfer auf der Laufbahn geh\u00f6ren zum Turnverein und sind bitte nicht zu benutzten. Der Einschie\u00dfplatz befindet sich oberhalb des Fussballplatzes unmittelbar neben dem ersten Ziel.<br \/><strong>Allgemeines:<\/strong><br \/>bitte bleibt auf den Wegen und folgt der Beschilderung. Die schwarz\/gelben B\u00e4nder markieren den Weg und die rot\/weissen B\u00e4nder machen ihrem Namen alle Ehre und sperren ab! Bei jedem Abschusspunkt gibt es eine h\u00fcbsche Tafel mit einem Bild des Zieles und einer Nummer. So solltet ihr immer perfekt durch den Parcours finden.<br \/><strong>Rauchen\/M\u00fcll:<br \/><\/strong>es sollte ohnehin selbstverst\u00e4ndlich sein, aber im gesamten Wald herrscht Rauchverbot. Wir bitten Euch euren M\u00fcll und vor allem auch eure kaputten Pfeile wieder mit nach Hause zu nehmen. Die Idee, dass sich Parcoursbetreiber insgeheim \u00fcber Pfeilschrott freuen, ist schlichtweg falsch.<br \/><strong>Fundpfeile:<br \/><\/strong>solltet ihr fremde Pfeile finden, dann gebt diese bitte am Ende in eine der beiden, daf\u00fcr vorgesehenen, Rohre bei der Kassah\u00fctte.<br \/><strong>Laben:<\/strong><br \/>auf dem Parcours findet ihr 2 Laben. Auf beiden ist jeweils ein Fass vergraben, in dem sich im besten Fall Getr\u00e4nke befinden. Da wir den Parcours in unserer Freizeit betreiben, kann es hin und wieder vorkommen, dass die F\u00e4sser sich schneller leeren als wir das bemerken. Eine kurze, unaufgeregte, Nachricht an uns gen\u00fcgt. In den F\u00e4ssernmbefinden sich auch kleine Metalldosen. Bitte gebt das Getr\u00e4nkegeld gleich in diese Dosen (Limonaden und Bier je \u20ac 2 und Wasser \u20ac 1).<br \/><strong>Viel Spa\u00df!<\/strong><br \/><br \/><br \/><\/p>\t\t\t\t\t\t\t\t<\/div>\n\t\t\t\t<\/div>\n\t\t\t\t\t<\/div>\n\t\t<\/div>\n\t\t\t\t\t<\/div>\n\t\t<\/section>\n\t\t\t\t<\/div>\n\t\t","protected":false},"excerpt":{"rendered":"<p>Herzlich Willkommen am Hauer Hill.F\u00fcr alle Hillneulinge sind im Folgenden die wichtigsten Punkte zusammengefasst.Anmeldung:wie auf jedem anderen Parcours auch einfach in das Parcoursbuch eintragen und die Parcoursgeb\u00fchr ind einem Kuvert in die Kassa werfen (in unserem Fall stecken).Tagesakarte:gilt, wie der Name schon sagt, f\u00fcr den ganzen Tag und kostet \u20ac 12. Kinder und Jugendliche bis [&hellip;]<\/p>\n","protected":false},"author":1,"featured_media":0,"parent":0,"menu_order":0,"comment_status":"closed","ping_status":"closed","template":"","meta":{"ocean_post_layout":"","ocean_both_sidebars_style":"","ocean_both_sidebars_content_width":0,"ocean_both_sidebars_sidebars_width":0,"ocean_sidebar":"0","ocean_second_sidebar":"0","ocean_disable_margins":"enable","ocean_add_body_class":"","ocean_shortcode_before_top_bar":"","ocean_shortcode_after_top_bar":"","ocean_shortcode_before_header":"","ocean_shortcode_after_header":"","ocean_has_shortcode":"","ocean_shortcode_after_title":"","ocean_shortcode_before_footer_widgets":"","ocean_shortcode_after_footer_widgets":"","ocean_shortcode_before_footer_bottom":"","ocean_shortcode_after_footer_bottom":"","ocean_display_top_bar":"default","ocean_display_header":"default","ocean_header_style":"","ocean_center_header_left_menu":"0","ocean_custom_header_template":"0","ocean_custom_logo":0,"ocean_custom_retina_logo":0,"ocean_custom_logo_max_width":0,"ocean_custom_logo_tablet_max_width":0,"ocean_custom_logo_mobile_max_width":0,"ocean_custom_logo_max_height":0,"ocean_custom_logo_tablet_max_height":0,"ocean_custom_logo_mobile_max_height":0,"ocean_header_custom_menu":"0","ocean_menu_typo_font_family":"0","ocean_menu_typo_font_subset":"","ocean_menu_typo_font_size":0,"ocean_menu_typo_font_size_tablet":0,"ocean_menu_typo_font_size_mobile":0,"ocean_menu_typo_font_size_unit":"px","ocean_menu_typo_font_weight":"","ocean_menu_typo_font_weight_tablet":"","ocean_menu_typo_font_weight_mobile":"","ocean_menu_typo_transform":"","ocean_menu_typo_transform_tablet":"","ocean_menu_typo_transform_mobile":"","ocean_menu_typo_line_height":0,"ocean_menu_typo_line_height_tablet":0,"ocean_menu_typo_line_height_mobile":0,"ocean_menu_typo_line_height_unit":"","ocean_menu_typo_spacing":0,"ocean_menu_typo_spacing_tablet":0,"ocean_menu_typo_spacing_mobile":0,"ocean_menu_typo_spacing_unit":"","ocean_menu_link_color":"","ocean_menu_link_color_hover":"","ocean_menu_link_color_active":"","ocean_menu_link_background":"","ocean_menu_link_hover_background":"","ocean_menu_link_active_background":"","ocean_menu_social_links_bg":"","ocean_menu_social_hover_links_bg":"","ocean_menu_social_links_color":"","ocean_menu_social_hover_links_color":"","ocean_disable_title":"on","ocean_disable_heading":"default","ocean_post_title":"","ocean_post_subheading":"","ocean_post_title_style":"","ocean_post_title_background_color":"","ocean_post_title_background":0,"ocean_post_title_bg_image_position":"","ocean_post_title_bg_image_attachment":"","ocean_post_title_bg_image_repeat":"","ocean_post_title_bg_image_size":"","ocean_post_title_height":0,"ocean_post_title_bg_overlay":0.5,"ocean_post_title_bg_overlay_color":"","ocean_disable_breadcrumbs":"default","ocean_breadcrumbs_color":"","ocean_breadcrumbs_separator_color":"","ocean_breadcrumbs_links_color":"","ocean_breadcrumbs_links_hover_color":"","ocean_display_footer_widgets":"default","ocean_display_footer_bottom":"default","ocean_custom_footer_template":"0","footnotes":""},"class_list":["post-325","page","type-page","status-publish","hentry","entry"],"yoast_head":"<!-- This site is optimized with the Yoast SEO plugin v27.3 - https:\/\/yoast.com\/product\/yoast-seo-wordpress\/ -->\n<title>Parcours -<\/title>\n<meta name=\"robots\" content=\"index, follow, max-snippet:-1, max-image-preview:large, max-video-preview:-1\" \/>\n<link rel=\"canonical\" href=\"https:\/\/www.bsc-piestingtal.at\/?page_id=325\" \/>\n<meta property=\"og:locale\" content=\"de_DE\" \/>\n<meta property=\"og:type\" content=\"article\" \/>\n<meta property=\"og:title\" content=\"Parcours -\" \/>\n<meta property=\"og:description\" content=\"Herzlich Willkommen am Hauer Hill.F\u00fcr alle Hillneulinge sind im Folgenden die wichtigsten Punkte zusammengefasst.Anmeldung:wie auf jedem anderen Parcours auch einfach in das Parcoursbuch eintragen und die Parcoursgeb\u00fchr ind einem Kuvert in die Kassa werfen (in unserem Fall stecken).Tagesakarte:gilt, wie der Name schon sagt, f\u00fcr den ganzen Tag und kostet \u20ac 12. Kinder und Jugendliche bis [&hellip;]\" \/>\n<meta property=\"og:url\" content=\"https:\/\/www.bsc-piestingtal.at\/?page_id=325\" \/>\n<meta property=\"article:modified_time\" content=\"2025-03-28T11:56:06+00:00\" \/>\n<meta name=\"twitter:card\" content=\"summary_large_image\" \/>\n<meta name=\"twitter:label1\" content=\"Gesch\u00e4tzte Lesezeit\" \/>\n\t<meta name=\"twitter:data1\" content=\"2\u00a0Minuten\" \/>\n<script type=\"application\/ld+json\" class=\"yoast-schema-graph\">{\"@context\":\"https:\\\/\\\/schema.org\",\"@graph\":[{\"@type\":\"WebPage\",\"@id\":\"https:\\\/\\\/www.bsc-piestingtal.at\\\/?page_id=325\",\"url\":\"https:\\\/\\\/www.bsc-piestingtal.at\\\/?page_id=325\",\"name\":\"Parcours -\",\"isPartOf\":{\"@id\":\"http:\\\/\\\/www.bsc-piestingtal.at\\\/#website\"},\"datePublished\":\"2019-05-02T19:34:25+00:00\",\"dateModified\":\"2025-03-28T11:56:06+00:00\",\"breadcrumb\":{\"@id\":\"https:\\\/\\\/www.bsc-piestingtal.at\\\/?page_id=325#breadcrumb\"},\"inLanguage\":\"de\",\"potentialAction\":[{\"@type\":\"ReadAction\",\"target\":[\"https:\\\/\\\/www.bsc-piestingtal.at\\\/?page_id=325\"]}]},{\"@type\":\"BreadcrumbList\",\"@id\":\"https:\\\/\\\/www.bsc-piestingtal.at\\\/?page_id=325#breadcrumb\",\"itemListElement\":[{\"@type\":\"ListItem\",\"position\":1,\"name\":\"Startseite\",\"item\":\"http:\\\/\\\/www.bsc-piestingtal.at\\\/\"},{\"@type\":\"ListItem\",\"position\":2,\"name\":\"Parcours\"}]},{\"@type\":\"WebSite\",\"@id\":\"http:\\\/\\\/www.bsc-piestingtal.at\\\/#website\",\"url\":\"http:\\\/\\\/www.bsc-piestingtal.at\\\/\",\"name\":\"\",\"description\":\"\",\"potentialAction\":[{\"@type\":\"SearchAction\",\"target\":{\"@type\":\"EntryPoint\",\"urlTemplate\":\"http:\\\/\\\/www.bsc-piestingtal.at\\\/?s={search_term_string}\"},\"query-input\":{\"@type\":\"PropertyValueSpecification\",\"valueRequired\":true,\"valueName\":\"search_term_string\"}}],\"inLanguage\":\"de\"}]}<\/script>\n<!-- \/ Yoast SEO plugin. -->","yoast_head_json":{"title":"Parcours -","robots":{"index":"index","follow":"follow","max-snippet":"max-snippet:-1","max-image-preview":"max-image-preview:large","max-video-preview":"max-video-preview:-1"},"canonical":"https:\/\/www.bsc-piestingtal.at\/?page_id=325","og_locale":"de_DE","og_type":"article","og_title":"Parcours -","og_description":"Herzlich Willkommen am Hauer Hill.F\u00fcr alle Hillneulinge sind im Folgenden die wichtigsten Punkte zusammengefasst.Anmeldung:wie auf jedem anderen Parcours auch einfach in das Parcoursbuch eintragen und die Parcoursgeb\u00fchr ind einem Kuvert in die Kassa werfen (in unserem Fall stecken).Tagesakarte:gilt, wie der Name schon sagt, f\u00fcr den ganzen Tag und kostet \u20ac 12. Kinder und Jugendliche bis [&hellip;]","og_url":"https:\/\/www.bsc-piestingtal.at\/?page_id=325","article_modified_time":"2025-03-28T11:56:06+00:00","twitter_card":"summary_large_image","twitter_misc":{"Gesch\u00e4tzte Lesezeit":"2\u00a0Minuten"},"schema":{"@context":"https:\/\/schema.org","@graph":[{"@type":"WebPage","@id":"https:\/\/www.bsc-piestingtal.at\/?page_id=325","url":"https:\/\/www.bsc-piestingtal.at\/?page_id=325","name":"Parcours -","isPartOf":{"@id":"http:\/\/www.bsc-piestingtal.at\/#website"},"datePublished":"2019-05-02T19:34:25+00:00","dateModified":"2025-03-28T11:56:06+00:00","breadcrumb":{"@id":"https:\/\/www.bsc-piestingtal.at\/?page_id=325#breadcrumb"},"inLanguage":"de","potentialAction":[{"@type":"ReadAction","target":["https:\/\/www.bsc-piestingtal.at\/?page_id=325"]}]},{"@type":"BreadcrumbList","@id":"https:\/\/www.bsc-piestingtal.at\/?page_id=325#breadcrumb","itemListElement":[{"@type":"ListItem","position":1,"name":"Startseite","item":"http:\/\/www.bsc-piestingtal.at\/"},{"@type":"ListItem","position":2,"name":"Parcours"}]},{"@type":"WebSite","@id":"http:\/\/www.bsc-piestingtal.at\/#website","url":"http:\/\/www.bsc-piestingtal.at\/","name":"","description":"","potentialAction":[{"@type":"SearchAction","target":{"@type":"EntryPoint","urlTemplate":"http:\/\/www.bsc-piestingtal.at\/?s={search_term_string}"},"query-input":{"@type":"PropertyValueSpecification","valueRequired":true,"valueName":"search_term_string"}}],"inLanguage":"de"}]}},"_links":{"self":[{"href":"https:\/\/www.bsc-piestingtal.at\/index.php?rest_route=\/wp\/v2\/pages\/325","targetHints":{"allow":["GET"]}}],"collection":[{"href":"https:\/\/www.bsc-piestingtal.at\/index.php?rest_route=\/wp\/v2\/pages"}],"about":[{"href":"https:\/\/www.bsc-piestingtal.at\/index.php?rest_route=\/wp\/v2\/types\/page"}],"author":[{"embeddable":true,"href":"https:\/\/www.bsc-piestingtal.at\/index.php?rest_route=\/wp\/v2\/users\/1"}],"replies":[{"embeddable":true,"href":"https:\/\/www.bsc-piestingtal.at\/index.php?rest_route=%2Fwp%2Fv2%2Fcomments&post=325"}],"version-history":[{"count":8,"href":"https:\/\/www.bsc-piestingtal.at\/index.php?rest_route=\/wp\/v2\/pages\/325\/revisions"}],"predecessor-version":[{"id":1483,"href":"https:\/\/www.bsc-piestingtal.at\/index.php?rest_route=\/wp\/v2\/pages\/325\/revisions\/1483"}],"wp:attachment":[{"href":"https:\/\/www.bsc-piestingtal.at\/index.php?rest_route=%2Fwp%2Fv2%2Fmedia&parent=325"}],"curies":[{"name":"wp","href":"https:\/\/api.w.org\/{rel}","templated":true}]}}