{"id":218,"date":"2018-05-29T13:11:44","date_gmt":"2018-05-29T11:11:44","guid":{"rendered":"http:\/\/www.bsc-piestingtal.at\/?page_id=218"},"modified":"2019-11-10T09:30:00","modified_gmt":"2019-11-10T08:30:00","slug":"datenschutzerklaerung","status":"publish","type":"page","link":"https:\/\/www.bsc-piestingtal.at\/?page_id=218","title":{"rendered":"Datenschutzerkl\u00e4rung"},"content":{"rendered":"<div class=\"WordSection1\">\n<p>Erkl\u00e4rung zur Informationspflicht<\/p>\n<p class=\"bodytext\">(Datenschutzerkl\u00e4rung)<\/p>\n<p class=\"bodytext\">Der Schutz Ihrer pers\u00f6nlichen Daten ist uns ein besonderes Anliegen. Wir verarbeiten Ihre Daten daher ausschlie\u00dflich auf Grundlage der gesetzlichen Bestimmungen (DSGVO, TKG 2003). In diesen Datenschutzinformationen informieren wir Sie \u00fcber die wichtigsten Aspekte der Datenverarbeitung im Rahmen unserer Website.<\/p>\n<p class=\"bodytext\"><b>Kontakt mit uns<\/b><\/p>\n<p class=\"bodytext\">Wenn Sie per Formular auf der Website oder per E-Mail Kontakt mit uns aufnehmen, werden Ihre angegebenen Daten zwecks Bearbeitung der Anfrage und f\u00fcr den Fall von Anschlussfragen sechs Monate bei uns gespeichert. Diese Daten geben wir nicht ohne Ihre Einwilligung weiter.<\/p>\n<\/div>\n<p class=\"bodytext\"><b>Cookies<\/b><\/p>\n<p class=\"bodytext\">Unsere Website verwendet so genannte Cookies. Dabei handelt es sich um kleine Textdateien, die mit Hilfe des Browsers auf Ihrem Endger\u00e4t abgelegt werden. Sie richten keinen Schaden an. Wir nutzen Cookies dazu, unser Angebot nutzerfreundlich zu gestalten. Einige Cookies bleiben auf Ihrem Endger\u00e4t gespeichert, bis Sie diese l\u00f6schen. Sie erm\u00f6glichen es uns, Ihren Browser beim n\u00e4chsten Besuch wiederzuerkennen. Wenn Sie dies nicht w\u00fcnschen, so k\u00f6nnen Sie Ihren Browser so einrichten, dass er Sie \u00fcber das Setzen von Cookies informiert und Sie dies nur im Einzelfall erlauben. Bei der Deaktivierung von Cookies kann die Funktionalit\u00e4t unserer Website eingeschr\u00e4nkt sein.<\/p>\n<p><strong>Analyse Tools<\/strong><\/p>\n<p>WP Statistics<br \/>\nDiese Webseite verwendet das WordPress Analyse Plugin \u201cWP Statistics\u201d URL: <a href=\"https:\/\/wp-statistics.com\">https:\/\/wp-statistics.com<\/a> des Anbieters \u201cVerona Labs\u201d 5460 West Main Street, Verona, NY 13478, USA, URL: https:\/\/veronalabs.com das die Privatsph\u00e4re unserer Besucher respektiert. Diese Zusatzplugin dient der statistischen Auswertung der Besucherzugriffe wie zum Beispiel: Browserversionen, L\u00e4nderstatistiken, Verweise und Suchanfragen, wobei die Erfassung und Speicherung der Daten ohne Nutzungsprofile anonymisiert erfolgt. Ihre IP-Adresse wird zum Schutz Ihrer Online-Identit\u00e4t durch Hash-Wert vollst\u00e4ndig ersetzt, somit ist eine nachtr\u00e4glich Identifizierung nicht mehr m\u00f6glich. Alle anonymisierten Daten werden auf verschiedenen abgesicherten Managed Server und Hostings in Deutschland vom Anbieter \u201cWorld4You\u201d lokal gespeichert<\/p>\n<p class=\"bodytext\"><i>\u00a0<\/i><b>Ihre Rechte<\/b><\/p>\n<p class=\"bodytext\">Ihnen stehen grunds\u00e4tzlich die Rechte auf <span lang=\"DE\">Auskunft, Berichtigung, L\u00f6schung, Einschr\u00e4nkung, Daten\u00fcbertragbarkeit, Widerruf und Widerspruch zu. Wenn Sie glauben, dass die Verarbeitung Ihrer Daten gegen das Datenschutzrecht verst\u00f6\u00dft oder Ihre datenschutzrechtlichen Anspr\u00fcche sonst in einer Weise verletzt worden sind, k\u00f6nnen Sie sich bei der Aufsichtsbeh\u00f6rde beschweren. In \u00d6sterreich ist dies die Datenschutzbeh\u00f6rde.<\/span><\/p>\n<p class=\"bodytext\"><b>Sie erreichen uns unter folgenden Kontaktdaten<\/b>:<\/p>\n<p class=\"bodytext\"><i>06645231457<\/i><\/p>\n<p>069919751804<\/p>\n<p>info@bsc-piestingtal.at<\/p>\n<h3><\/h3>\n<h3><\/h3>\n<h3><\/h3>\n<h3><\/h3>\n","protected":false},"excerpt":{"rendered":"<p>Erkl\u00e4rung zur Informationspflicht (Datenschutzerkl\u00e4rung) Der Schutz Ihrer pers\u00f6nlichen Daten ist uns ein besonderes Anliegen. Wir verarbeiten Ihre Daten daher ausschlie\u00dflich auf Grundlage der gesetzlichen Bestimmungen (DSGVO, TKG 2003). In diesen Datenschutzinformationen informieren wir Sie \u00fcber die wichtigsten Aspekte der Datenverarbeitung im Rahmen unserer Website. Kontakt mit uns Wenn Sie per Formular auf der Website oder [&hellip;]<\/p>\n","protected":false},"author":1,"featured_media":0,"parent":0,"menu_order":0,"comment_status":"closed","ping_status":"closed","template":"","meta":{"ocean_post_layout":"","ocean_both_sidebars_style":"","ocean_both_sidebars_content_width":0,"ocean_both_sidebars_sidebars_width":0,"ocean_sidebar":"0","ocean_second_sidebar":"0","ocean_disable_margins":"enable","ocean_add_body_class":"","ocean_shortcode_before_top_bar":"","ocean_shortcode_after_top_bar":"","ocean_shortcode_before_header":"","ocean_shortcode_after_header":"","ocean_has_shortcode":"","ocean_shortcode_after_title":"","ocean_shortcode_before_footer_widgets":"","ocean_shortcode_after_footer_widgets":"","ocean_shortcode_before_footer_bottom":"","ocean_shortcode_after_footer_bottom":"","ocean_display_top_bar":"default","ocean_display_header":"default","ocean_header_style":"","ocean_center_header_left_menu":"0","ocean_custom_header_template":"0","ocean_custom_logo":0,"ocean_custom_retina_logo":0,"ocean_custom_logo_max_width":0,"ocean_custom_logo_tablet_max_width":0,"ocean_custom_logo_mobile_max_width":0,"ocean_custom_logo_max_height":0,"ocean_custom_logo_tablet_max_height":0,"ocean_custom_logo_mobile_max_height":0,"ocean_header_custom_menu":"0","ocean_menu_typo_font_family":"0","ocean_menu_typo_font_subset":"","ocean_menu_typo_font_size":0,"ocean_menu_typo_font_size_tablet":0,"ocean_menu_typo_font_size_mobile":0,"ocean_menu_typo_font_size_unit":"px","ocean_menu_typo_font_weight":"","ocean_menu_typo_font_weight_tablet":"","ocean_menu_typo_font_weight_mobile":"","ocean_menu_typo_transform":"","ocean_menu_typo_transform_tablet":"","ocean_menu_typo_transform_mobile":"","ocean_menu_typo_line_height":0,"ocean_menu_typo_line_height_tablet":0,"ocean_menu_typo_line_height_mobile":0,"ocean_menu_typo_line_height_unit":"","ocean_menu_typo_spacing":0,"ocean_menu_typo_spacing_tablet":0,"ocean_menu_typo_spacing_mobile":0,"ocean_menu_typo_spacing_unit":"","ocean_menu_link_color":"","ocean_menu_link_color_hover":"","ocean_menu_link_color_active":"","ocean_menu_link_background":"","ocean_menu_link_hover_background":"","ocean_menu_link_active_background":"","ocean_menu_social_links_bg":"","ocean_menu_social_hover_links_bg":"","ocean_menu_social_links_color":"","ocean_menu_social_hover_links_color":"","ocean_disable_title":"on","ocean_disable_heading":"default","ocean_post_title":"","ocean_post_subheading":"","ocean_post_title_style":"","ocean_post_title_background_color":"","ocean_post_title_background":0,"ocean_post_title_bg_image_position":"","ocean_post_title_bg_image_attachment":"","ocean_post_title_bg_image_repeat":"","ocean_post_title_bg_image_size":"","ocean_post_title_height":0,"ocean_post_title_bg_overlay":0.5,"ocean_post_title_bg_overlay_color":"","ocean_disable_breadcrumbs":"default","ocean_breadcrumbs_color":"","ocean_breadcrumbs_separator_color":"","ocean_breadcrumbs_links_color":"","ocean_breadcrumbs_links_hover_color":"","ocean_display_footer_widgets":"default","ocean_display_footer_bottom":"default","ocean_custom_footer_template":"0","footnotes":""},"class_list":["post-218","page","type-page","status-publish","hentry","entry"],"yoast_head":"<!-- This site is optimized with the Yoast SEO plugin v27.3 - https:\/\/yoast.com\/product\/yoast-seo-wordpress\/ -->\n<title>Datenschutzerkl\u00e4rung -<\/title>\n<meta name=\"robots\" content=\"index, follow, max-snippet:-1, max-image-preview:large, max-video-preview:-1\" \/>\n<link rel=\"canonical\" href=\"https:\/\/www.bsc-piestingtal.at\/?page_id=218\" \/>\n<meta property=\"og:locale\" content=\"de_DE\" \/>\n<meta property=\"og:type\" content=\"article\" \/>\n<meta property=\"og:title\" content=\"Datenschutzerkl\u00e4rung -\" \/>\n<meta property=\"og:description\" content=\"Erkl\u00e4rung zur Informationspflicht (Datenschutzerkl\u00e4rung) Der Schutz Ihrer pers\u00f6nlichen Daten ist uns ein besonderes Anliegen. Wir verarbeiten Ihre Daten daher ausschlie\u00dflich auf Grundlage der gesetzlichen Bestimmungen (DSGVO, TKG 2003). In diesen Datenschutzinformationen informieren wir Sie \u00fcber die wichtigsten Aspekte der Datenverarbeitung im Rahmen unserer Website. Kontakt mit uns Wenn Sie per Formular auf der Website oder [&hellip;]\" \/>\n<meta property=\"og:url\" content=\"https:\/\/www.bsc-piestingtal.at\/?page_id=218\" \/>\n<meta property=\"article:modified_time\" content=\"2019-11-10T08:30:00+00:00\" \/>\n<meta name=\"twitter:card\" content=\"summary_large_image\" \/>\n<meta name=\"twitter:label1\" content=\"Gesch\u00e4tzte Lesezeit\" \/>\n\t<meta name=\"twitter:data1\" content=\"2\u00a0Minuten\" \/>\n<script type=\"application\/ld+json\" class=\"yoast-schema-graph\">{\"@context\":\"https:\\\/\\\/schema.org\",\"@graph\":[{\"@type\":\"WebPage\",\"@id\":\"https:\\\/\\\/www.bsc-piestingtal.at\\\/?page_id=218\",\"url\":\"https:\\\/\\\/www.bsc-piestingtal.at\\\/?page_id=218\",\"name\":\"Datenschutzerkl\u00e4rung -\",\"isPartOf\":{\"@id\":\"http:\\\/\\\/www.bsc-piestingtal.at\\\/#website\"},\"datePublished\":\"2018-05-29T11:11:44+00:00\",\"dateModified\":\"2019-11-10T08:30:00+00:00\",\"breadcrumb\":{\"@id\":\"https:\\\/\\\/www.bsc-piestingtal.at\\\/?page_id=218#breadcrumb\"},\"inLanguage\":\"de\",\"potentialAction\":[{\"@type\":\"ReadAction\",\"target\":[\"https:\\\/\\\/www.bsc-piestingtal.at\\\/?page_id=218\"]}]},{\"@type\":\"BreadcrumbList\",\"@id\":\"https:\\\/\\\/www.bsc-piestingtal.at\\\/?page_id=218#breadcrumb\",\"itemListElement\":[{\"@type\":\"ListItem\",\"position\":1,\"name\":\"Startseite\",\"item\":\"http:\\\/\\\/www.bsc-piestingtal.at\\\/\"},{\"@type\":\"ListItem\",\"position\":2,\"name\":\"Datenschutzerkl\u00e4rung\"}]},{\"@type\":\"WebSite\",\"@id\":\"http:\\\/\\\/www.bsc-piestingtal.at\\\/#website\",\"url\":\"http:\\\/\\\/www.bsc-piestingtal.at\\\/\",\"name\":\"\",\"description\":\"\",\"potentialAction\":[{\"@type\":\"SearchAction\",\"target\":{\"@type\":\"EntryPoint\",\"urlTemplate\":\"http:\\\/\\\/www.bsc-piestingtal.at\\\/?s={search_term_string}\"},\"query-input\":{\"@type\":\"PropertyValueSpecification\",\"valueRequired\":true,\"valueName\":\"search_term_string\"}}],\"inLanguage\":\"de\"}]}<\/script>\n<!-- \/ Yoast SEO plugin. -->","yoast_head_json":{"title":"Datenschutzerkl\u00e4rung -","robots":{"index":"index","follow":"follow","max-snippet":"max-snippet:-1","max-image-preview":"max-image-preview:large","max-video-preview":"max-video-preview:-1"},"canonical":"https:\/\/www.bsc-piestingtal.at\/?page_id=218","og_locale":"de_DE","og_type":"article","og_title":"Datenschutzerkl\u00e4rung -","og_description":"Erkl\u00e4rung zur Informationspflicht (Datenschutzerkl\u00e4rung) Der Schutz Ihrer pers\u00f6nlichen Daten ist uns ein besonderes Anliegen. Wir verarbeiten Ihre Daten daher ausschlie\u00dflich auf Grundlage der gesetzlichen Bestimmungen (DSGVO, TKG 2003). In diesen Datenschutzinformationen informieren wir Sie \u00fcber die wichtigsten Aspekte der Datenverarbeitung im Rahmen unserer Website. Kontakt mit uns Wenn Sie per Formular auf der Website oder [&hellip;]","og_url":"https:\/\/www.bsc-piestingtal.at\/?page_id=218","article_modified_time":"2019-11-10T08:30:00+00:00","twitter_card":"summary_large_image","twitter_misc":{"Gesch\u00e4tzte Lesezeit":"2\u00a0Minuten"},"schema":{"@context":"https:\/\/schema.org","@graph":[{"@type":"WebPage","@id":"https:\/\/www.bsc-piestingtal.at\/?page_id=218","url":"https:\/\/www.bsc-piestingtal.at\/?page_id=218","name":"Datenschutzerkl\u00e4rung -","isPartOf":{"@id":"http:\/\/www.bsc-piestingtal.at\/#website"},"datePublished":"2018-05-29T11:11:44+00:00","dateModified":"2019-11-10T08:30:00+00:00","breadcrumb":{"@id":"https:\/\/www.bsc-piestingtal.at\/?page_id=218#breadcrumb"},"inLanguage":"de","potentialAction":[{"@type":"ReadAction","target":["https:\/\/www.bsc-piestingtal.at\/?page_id=218"]}]},{"@type":"BreadcrumbList","@id":"https:\/\/www.bsc-piestingtal.at\/?page_id=218#breadcrumb","itemListElement":[{"@type":"ListItem","position":1,"name":"Startseite","item":"http:\/\/www.bsc-piestingtal.at\/"},{"@type":"ListItem","position":2,"name":"Datenschutzerkl\u00e4rung"}]},{"@type":"WebSite","@id":"http:\/\/www.bsc-piestingtal.at\/#website","url":"http:\/\/www.bsc-piestingtal.at\/","name":"","description":"","potentialAction":[{"@type":"SearchAction","target":{"@type":"EntryPoint","urlTemplate":"http:\/\/www.bsc-piestingtal.at\/?s={search_term_string}"},"query-input":{"@type":"PropertyValueSpecification","valueRequired":true,"valueName":"search_term_string"}}],"inLanguage":"de"}]}},"_links":{"self":[{"href":"https:\/\/www.bsc-piestingtal.at\/index.php?rest_route=\/wp\/v2\/pages\/218","targetHints":{"allow":["GET"]}}],"collection":[{"href":"https:\/\/www.bsc-piestingtal.at\/index.php?rest_route=\/wp\/v2\/pages"}],"about":[{"href":"https:\/\/www.bsc-piestingtal.at\/index.php?rest_route=\/wp\/v2\/types\/page"}],"author":[{"embeddable":true,"href":"https:\/\/www.bsc-piestingtal.at\/index.php?rest_route=\/wp\/v2\/users\/1"}],"replies":[{"embeddable":true,"href":"https:\/\/www.bsc-piestingtal.at\/index.php?rest_route=%2Fwp%2Fv2%2Fcomments&post=218"}],"version-history":[{"count":4,"href":"https:\/\/www.bsc-piestingtal.at\/index.php?rest_route=\/wp\/v2\/pages\/218\/revisions"}],"predecessor-version":[{"id":779,"href":"https:\/\/www.bsc-piestingtal.at\/index.php?rest_route=\/wp\/v2\/pages\/218\/revisions\/779"}],"wp:attachment":[{"href":"https:\/\/www.bsc-piestingtal.at\/index.php?rest_route=%2Fwp%2Fv2%2Fmedia&parent=218"}],"curies":[{"name":"wp","href":"https:\/\/api.w.org\/{rel}","templated":true}]}}